{"id":9603,"date":"2025-03-04T23:04:10","date_gmt":"2025-03-05T03:04:10","guid":{"rendered":"https:\/\/staging.acgreencaps.com\/products\/5-panel-camouflage-rpet-laser-cut-blank-snapback-cap-ccs5\/"},"modified":"2025-12-11T19:35:36","modified_gmt":"2025-12-11T23:35:36","slug":"5-panel-camouflage-rpet-laser-cut-blank-snapback-cap-ccs5","status":"publish","type":"product","link":"https:\/\/staging.acgreencaps.com\/fr\/products\/5-panel-camouflage-rpet-laser-cut-blank-snapback-cap-ccs5\/","title":{"rendered":"Casquette snapback vierge 5 panneaux camouflage rPET d\u00e9coup\u00e9e au laser | CCS5"},"content":{"rendered":"<p><strong>D\u00e9tails<\/strong><br \/>\nMati\u00e8re\u00a0: Toile camouflage recycl\u00e9e et serg\u00e9 de coton<br \/>\nStructure\u00a0: Casquette 5 panneaux structur\u00e9e et profil\u00e9e, visi\u00e8re plate avec cordon<br \/>\nFermeture\u00a0: Bouton-pression, taille unique<br \/>\nUGS\u00a0: CCS5<\/p>\n<p><strong>Casquette snapback 5 panneaux camouflage en rPET d\u00e9coup\u00e9e au laser &#8211;<strong> Cette casquette 5 panneaux camouflage \u00e9cologique est fabriqu\u00e9e en rPET et pr\u00e9sente des d\u00e9tails d\u00e9coup\u00e9s au laser pour un look moderne et durable. Parfaite pour un port \u00e9l\u00e9gant et \u00e9co-responsable.<\/p>\n<p>1. Durabilit\u00e9 et confort\u00a0: Notre casquette snapback 5 panneaux camouflage en rPET d\u00e9coup\u00e9e au laser est fabriqu\u00e9e \u00e0 partir de mat\u00e9riaux doux et \u00e9cologiques\u00a0: du polyester et du coton recycl\u00e9s, doux pour la peau et respectueux de l&rsquo;environnement, pour un confort optimal tout au long de la journ\u00e9e. 2. Casquette snapback camouflage vierge \u00e0 5 panneaux\u00a0: Dot\u00e9e de motifs camouflage sur la visi\u00e8re et d\u2019une calotte unie, cette casquette snapback camouflage \u00e9cologique est \u00e0 la fois tendance et polyvalente, id\u00e9ale pour la plupart des occasions et des tenues.<br \/>\n3. Structure \u00e0 5 panneaux\u00a0: Confortable et ajust\u00e9e, cette casquette snapback camouflage \u00e9cologique vierge r\u00e9siste \u00e0 l\u2019usure.<br \/>\n4. Visi\u00e8re anti-soleil\u00a0: Son bord plat et large prot\u00e8ge votre visage et r\u00e9duit l\u2019\u00e9blouissement en plein soleil, vous prot\u00e9geant ainsi des coups de soleil, de la pluie, du vent, etc.<br \/>\n5. Taille unique\u00a0: Notre casquette snapback vierge durable est dot\u00e9e d\u2019une fermeture \u00e0 pression en plastique r\u00e9glable \u00e0 l\u2019arri\u00e8re, qui s\u2019adapte \u00e0 toutes les tailles de t\u00eate, offrant praticit\u00e9 et flexibilit\u00e9.<\/p>\n<p><strong>Choisissez ac\u00b7green\u00ae pour un couvre-chef durable, personnalisable et responsable\u00a0!<\/strong><\/p>\n","protected":false},"excerpt":{"rendered":"<p>Inspired by our ultra-running ambassadors, our 5-Panel Camouflage rPET Laser Cut Blank Snapback Caps are great for customization and branding. The crown and brim are made from 100% recycled fabrics &#8211; recycled cotton and recycled polyester, which can reduce waste in landfills.<\/p>\n","protected":false},"featured_media":9604,"template":"","meta":{"_acf_changed":false},"product_cat":[203],"product_tag":[],"class_list":{"0":"post-9603","1":"product","2":"type-product","3":"status-publish","4":"has-post-thumbnail","6":"product_cat-acgreen-camo","7":"pa_materials-fabric-recycled-cotton","8":"pa_materials-fabric-recycled-polyester","10":"first","11":"outofstock","12":"sale","13":"shipping-taxable","14":"purchasable","15":"product-type-variable","swatches":"rey-swatches","show_selected":"rey-swatches--show-selected--name","stretch_labels":"rey-swatches--stretch-labels","update_gallery":"--swatch-update-gallery"},"acf":[],"_links":{"self":[{"href":"https:\/\/staging.acgreencaps.com\/fr\/wp-json\/wp\/v2\/product\/9603","targetHints":{"allow":["GET"]}}],"collection":[{"href":"https:\/\/staging.acgreencaps.com\/fr\/wp-json\/wp\/v2\/product"}],"about":[{"href":"https:\/\/staging.acgreencaps.com\/fr\/wp-json\/wp\/v2\/types\/product"}],"wp:featuredmedia":[{"embeddable":true,"href":"https:\/\/staging.acgreencaps.com\/fr\/wp-json\/wp\/v2\/media\/9604"}],"wp:attachment":[{"href":"https:\/\/staging.acgreencaps.com\/fr\/wp-json\/wp\/v2\/media?parent=9603"}],"wp:term":[{"taxonomy":"product_cat","embeddable":true,"href":"https:\/\/staging.acgreencaps.com\/fr\/wp-json\/wp\/v2\/product_cat?post=9603"},{"taxonomy":"product_tag","embeddable":true,"href":"https:\/\/staging.acgreencaps.com\/fr\/wp-json\/wp\/v2\/product_tag?post=9603"}],"curies":[{"name":"wp","href":"https:\/\/api.w.org\/{rel}","templated":true}]}}